{"id":129,"date":"2019-04-25T20:38:53","date_gmt":"2019-04-25T20:38:53","guid":{"rendered":"https:\/\/profarse.com.ar\/sitio3\/?page_id=129"},"modified":"2019-05-20T15:56:36","modified_gmt":"2019-05-20T15:56:36","slug":"trayectoria","status":"publish","type":"page","link":"https:\/\/profarse.com.ar\/sitio3\/trayectoria\/","title":{"rendered":"Trayectoria"},"content":{"rendered":"<div class=\"blog-article blog-title\">\n<h2>TRAYECTORIA<\/h2>\n<\/div>\n<p><strong>RESE\u00d1A DE LA HISTORIA DE CREACION DEL LABORATORIO<\/strong><\/p>\n<p><strong>1988:<\/strong> comienza a proyectarse el Programa de Producci\u00f3n de Medicamentos (PROZOME) y como respuesta inmediata a la demanda insatisfecha de medicamentos en el Hospital Art\u00e9mides Zatti, referente de la III Zona Sanitaria.<\/p>\n<p><strong>1991:<\/strong> el 31 de julio es la fecha en la que se inaugura la actual planta productora de medicamentos que ocup\u00f3 una superficie aproximada de 200 m2.<\/p>\n<p><strong>1992:<\/strong> el laboratorio PROZOME fue creado por la ley provincial N\u00ba2530, sancionada por unanimidad por la Honorable Legislatura de R\u00edo Negro, siendo adem\u00e1s declarado de inter\u00e9s provincial el programa de producci\u00f3n de medicamentos.<\/p>\n<p><strong>2008:<\/strong> refuncionalizaci\u00f3n del laboratorio; se realizaron reformas y ampliaciones de la planta actual.<\/p>\n<p><strong>2009:<\/strong> se anuncia oficialmente la puesta en marcha de obras de infraestructuras correspondientes a la ampliaci\u00f3n de la planta con el objetivo de instituirse en el&nbsp;laboratorio m\u00e1s grande y \u00fanico&nbsp;proveedor de medicamentos para los sistemas p\u00fablicos de salud<br \/>\nProzome, abastece a nuestra Provincia y a trav\u00e9s del Programa Nacional de Hidatidosis del Ministerio de Salud de la Naci\u00f3n (Programa Nacional de Control de Enfermedades Zoonoticas), a la Provincia de Salta y a todas las provincias argentinas que lo demanden, de comprimidos de Praziquantel y Albendazol, seg\u00fan Disposici\u00f3n ANMAT N\u00ba 7.266\/08 y 4.932\/08 para la producci\u00f3n de medicamentos denominados \u201chu\u00e9rfanos.<\/p>\n<p><strong>2014:<\/strong> se present\u00f3 proyecto en el MINCYT FITR SALUD FITR 008\/13, se conform\u00f3 un CAPP (PUBLICO PRIVADO) entre el Ministerio de Salud de la Provincia de R\u00edo Negro y el INVAP SE. Nombre del proyecto: farmoqu\u00edmico de la Patagonia para sintetizar nifurtimox, (para el tratamiento del mal de chagas), entre otras. Proyecto que ha sido beneficiado con un subsidio de aprox. $15.000.000 que ya estamos ejecutando, Se realizado la primer Licitaci\u00f3n P\u00fablica Nacional, en la cual hemos adquirido varios equipos fundamentales para producci\u00f3n y control de calidad.<\/p>\n<p><strong>2015:<\/strong> readecuaci\u00f3n de \u00e1reas ya existentes seg\u00fan BPF (Buenas Practicas de Fabricaci\u00f3n y control). Formamos parte del comit\u00e9 ejecutivo de la ANLAP (Agencia Nacional de Laboratorios P\u00fablicos Ley Nacional 27113\/2015) Contrato firmado en Octubre de 2015.<\/p>\n<p><strong>2016:<\/strong> se adquiri\u00f3 la BLISTERA AUTORMATICA (producci\u00f3n de alrededor de 200\/250 blister\/min.) y equipamiento de control de calidad.<\/p>\n<p><strong>2016:<\/strong> Prozome Cumpli\u00f3 25 A\u00d1OS. Se realizado la Contrataci\u00f3n directa para adquirir el piso sanitario vin\u00edlico (tipo mipolan) para reemplazar el piso existente (aprox. 860 m2).<br \/>\nSe finaliz\u00f3 la obra del sector de control de calidad FQ y MB.<\/p>\n<p><strong>2016-2017:<\/strong> se invirti\u00f3 aproximadamente 20.000 entre materia prima, equipamiento, mejoras edilicias y terminaciones sanitarias necesarias para cumplimiento de las BPF.<\/p>\n<p><strong>2017:<\/strong> desarrollo y elaboraci\u00f3n de medicamentos de primera l\u00ednea para para la campa\u00f1a de tuberculosis (TBC) nacional, aprox 4.000.000 unidades.<\/p>\n<p><strong>2018:<\/strong> OBTUBIMOS LA HABILITACION FEDERAL (ANMAT) POR PRIMERA VEZ EN 27 A\u00d1OS. Inspecci\u00f3n de ANMAT para habilitaci\u00f3n de la planta en Enero 2018.<\/p>\n<p><strong>2019:<\/strong> INAUGURACI\u00d3N DE LA NUEVA PLANTA DESTINADA A LA ELABORACI\u00d3N DE ESPECIALIDADES MEDICINALES EN SUS FORMAS FARMAC\u00c9UTICAS S\u00d3LIDAS NO EST\u00c9RILES. Sup. Aprox 1500 m2.<\/p>\n","protected":false},"excerpt":{"rendered":"<p>TRAYECTORIA RESE\u00d1A DE LA HISTORIA DE CREACION DEL LABORATORIO 1988: comienza a proyectarse el Programa de Producci\u00f3n de<\/p>\n","protected":false},"author":2,"featured_media":0,"parent":0,"menu_order":0,"comment_status":"closed","ping_status":"closed","template":"","meta":{"footnotes":""},"class_list":["post-129","page","type-page","status-publish","hentry"],"_links":{"self":[{"href":"https:\/\/profarse.com.ar\/sitio3\/wp-json\/wp\/v2\/pages\/129","targetHints":{"allow":["GET"]}}],"collection":[{"href":"https:\/\/profarse.com.ar\/sitio3\/wp-json\/wp\/v2\/pages"}],"about":[{"href":"https:\/\/profarse.com.ar\/sitio3\/wp-json\/wp\/v2\/types\/page"}],"author":[{"embeddable":true,"href":"https:\/\/profarse.com.ar\/sitio3\/wp-json\/wp\/v2\/users\/2"}],"replies":[{"embeddable":true,"href":"https:\/\/profarse.com.ar\/sitio3\/wp-json\/wp\/v2\/comments?post=129"}],"version-history":[{"count":5,"href":"https:\/\/profarse.com.ar\/sitio3\/wp-json\/wp\/v2\/pages\/129\/revisions"}],"predecessor-version":[{"id":412,"href":"https:\/\/profarse.com.ar\/sitio3\/wp-json\/wp\/v2\/pages\/129\/revisions\/412"}],"wp:attachment":[{"href":"https:\/\/profarse.com.ar\/sitio3\/wp-json\/wp\/v2\/media?parent=129"}],"curies":[{"name":"wp","href":"https:\/\/api.w.org\/{rel}","templated":true}]}}