{"id":77,"date":"2019-04-25T14:11:55","date_gmt":"2019-04-25T14:11:55","guid":{"rendered":"https:\/\/profarse.com.ar\/sitio3\/?page_id=77"},"modified":"2022-05-11T13:40:20","modified_gmt":"2022-05-11T13:40:20","slug":"proveedores","status":"publish","type":"page","link":"https:\/\/profarse.com.ar\/sitio3\/proveedores\/","title":{"rendered":"Proveedores"},"content":{"rendered":"<div class=\"blog-article blog-title\">\n<h2>PROVEEDORES<\/h2>\n<\/div>\n<p>Quiere ser proveedor?<\/p>\n<p>Complete el siguiente formulario y le enviaremos la documentaci\u00f3n para inscribirse como proveedor.<\/p>\n\n<div class=\"wpcf7 no-js\" id=\"wpcf7-f154-o1\" lang=\"en-US\" dir=\"ltr\" data-wpcf7-id=\"154\">\n<div class=\"screen-reader-response\"><p role=\"status\" aria-live=\"polite\" aria-atomic=\"true\"><\/p> <ul><\/ul><\/div>\n<form action=\"\/sitio3\/wp-json\/wp\/v2\/pages\/77#wpcf7-f154-o1\" method=\"post\" class=\"wpcf7-form init\" aria-label=\"Contact form\" novalidate=\"novalidate\" data-status=\"init\">\n<fieldset class=\"hidden-fields-container\"><input type=\"hidden\" name=\"_wpcf7\" value=\"154\" \/><input type=\"hidden\" name=\"_wpcf7_version\" value=\"6.1.5\" \/><input type=\"hidden\" name=\"_wpcf7_locale\" value=\"en_US\" \/><input type=\"hidden\" name=\"_wpcf7_unit_tag\" value=\"wpcf7-f154-o1\" \/><input type=\"hidden\" name=\"_wpcf7_container_post\" value=\"0\" \/><input type=\"hidden\" name=\"_wpcf7_posted_data_hash\" value=\"\" \/>\n<\/fieldset>\n<p><label> Tu nombre (requerido)<br \/>\n<span class=\"wpcf7-form-control-wrap\" data-name=\"your-name\"><input size=\"40\" maxlength=\"400\" class=\"wpcf7-form-control wpcf7-text wpcf7-validates-as-required\" aria-required=\"true\" aria-invalid=\"false\" value=\"\" type=\"text\" name=\"your-name\" \/><\/span> <\/label>\n<\/p>\n<p><label> Tu correo electr\u00f3nico (requerido)<br \/>\n<span class=\"wpcf7-form-control-wrap\" data-name=\"your-email\"><input size=\"40\" maxlength=\"400\" class=\"wpcf7-form-control wpcf7-email wpcf7-validates-as-required wpcf7-text wpcf7-validates-as-email\" aria-required=\"true\" aria-invalid=\"false\" value=\"\" type=\"email\" name=\"your-email\" \/><\/span> <\/label>\n<\/p>\n<p><label> Asunto<br \/>\n<span class=\"wpcf7-form-control-wrap\" data-name=\"your-subject\"><input size=\"40\" maxlength=\"400\" class=\"wpcf7-form-control wpcf7-text\" aria-invalid=\"false\" value=\"\" type=\"text\" name=\"your-subject\" \/><\/span> <\/label>\n<\/p>\n<p><label> Tu mensaje<br \/>\n<span class=\"wpcf7-form-control-wrap\" data-name=\"your-message\"><textarea cols=\"40\" rows=\"10\" maxlength=\"2000\" class=\"wpcf7-form-control wpcf7-textarea\" aria-invalid=\"false\" name=\"your-message\"><\/textarea><\/span> <\/label>\n<\/p>\n<p><input class=\"wpcf7-form-control wpcf7-submit has-spinner\" type=\"submit\" value=\"Enviar\" \/>\n<\/p><div class=\"wpcf7-response-output\" aria-hidden=\"true\"><\/div>\n<\/form>\n<\/div>\n\n<p>\u00a0<\/p>\n\n\n<div class=\"wp-block-file\"><a id=\"wp-block-file--media-ff6d9203-843c-45a8-b380-c0c4b399fb12\" href=\"https:\/\/profarse.com.ar\/sitio3\/wp-content\/uploads\/2019\/05\/PLANILLA-DE-PROVEEDORES-EDITABLE.pdf\">&nbsp;<\/a><a href=\"https:\/\/profarse.com.ar\/sitio3\/wp-content\/uploads\/2019\/05\/PLANILLA-DE-PROVEEDORES-EDITABLE.pdf\" class=\"wp-block-file__button\" download aria-describedby=\"wp-block-file--media-ff6d9203-843c-45a8-b380-c0c4b399fb12\">Descargar el formulario de inscripci\u00f3n y el listado de la documentaci\u00f3n a presentar haciendo click aqu\u00ed<\/a><\/div>\n","protected":false},"excerpt":{"rendered":"<p>PROVEEDORES Quiere ser proveedor? Complete el siguiente formulario y le enviaremos la documentaci\u00f3n para inscribirse como proveedor. \u00a0<\/p>\n","protected":false},"author":2,"featured_media":0,"parent":0,"menu_order":0,"comment_status":"closed","ping_status":"closed","template":"","meta":{"footnotes":""},"class_list":["post-77","page","type-page","status-publish","hentry"],"_links":{"self":[{"href":"https:\/\/profarse.com.ar\/sitio3\/wp-json\/wp\/v2\/pages\/77","targetHints":{"allow":["GET"]}}],"collection":[{"href":"https:\/\/profarse.com.ar\/sitio3\/wp-json\/wp\/v2\/pages"}],"about":[{"href":"https:\/\/profarse.com.ar\/sitio3\/wp-json\/wp\/v2\/types\/page"}],"author":[{"embeddable":true,"href":"https:\/\/profarse.com.ar\/sitio3\/wp-json\/wp\/v2\/users\/2"}],"replies":[{"embeddable":true,"href":"https:\/\/profarse.com.ar\/sitio3\/wp-json\/wp\/v2\/comments?post=77"}],"version-history":[{"count":13,"href":"https:\/\/profarse.com.ar\/sitio3\/wp-json\/wp\/v2\/pages\/77\/revisions"}],"predecessor-version":[{"id":1574,"href":"https:\/\/profarse.com.ar\/sitio3\/wp-json\/wp\/v2\/pages\/77\/revisions\/1574"}],"wp:attachment":[{"href":"https:\/\/profarse.com.ar\/sitio3\/wp-json\/wp\/v2\/media?parent=77"}],"curies":[{"name":"wp","href":"https:\/\/api.w.org\/{rel}","templated":true}]}}